{"id":60,"date":"2019-05-11T12:06:13","date_gmt":"2019-05-11T10:06:13","guid":{"rendered":"https:\/\/mueller-isg.de\/insektenschutz\/?page_id=60"},"modified":"2019-05-11T16:46:51","modified_gmt":"2019-05-11T14:46:51","slug":"startseite","status":"publish","type":"page","link":"https:\/\/mueller-isg.de\/fliegengitter-kirchdorf\/","title":{"rendered":"M\u00fcller Insektenschutz"},"content":{"rendered":"<p><section id='section-1' class=\"widget widget_recent_work clearfix\">   <h3 class=\"widget-title\">Sie sind auf der Suche nach ma\u00dfgefertigtem Insektenschutz f\u00fcr Ihr zu Hause?<\/h3>    <p>Entdecken Sie unsere L\u00f6sungen f\u00fcr Fliegengitter und vertrauen Sie auf Profi-Qualit\u00e4t mit \u00fcber 25 Jahren Erfahrung.<\/p> <\/section><section id=\"section-2\" class=\"widget widget_call_to_action clearfix\">   <div class=\"call-to-action-content-wrapper clearfix\">     <div class=\"call-to-action-content\">       <h3>Haben Sie eine Frage zum Thema Fliegengitter?<\/h3> \t<p>Wir stehen Ihnen jederzeit gerne beratend zur Verf\u00fcgung.<\/p>     <\/div>     <a class=\"read-more\"  href=\"\/contact\/\" title=\"Jetzt Anfrage zu Fliegengitter Kirchdorf an der Iller stellen!\">Anfrage stellen<\/a>   <\/div> <\/section><section id=\"section-3\" class=\"widget widget_recent_work clearfix\">  <div class=\"tg-one-half\">    <h3 class=\"entry-title\"><strong><a title=\"Insektenschutzt\u00fcren Kirchdorf an der Iller\" href=\"\/tueren\/\">Insektenschutzt\u00fcren Kirchdorf an der Iller<\/a><\/strong><\/h3>     <p class=\"teaser\">Insektenschutz-T\u00fcren werden im Bereich von Terrassen- und Balkont\u00fcren eingesetzt.<br \/>\r\nDurch die stabile Konstruktion erf\u00fcllt der Rahmen h\u00f6chste Anspr\u00fcche an Solidit\u00e4t.  Gerade T\u00fcren stehen durch h\u00e4ufigen Durchgang im Fokus des Betrachters. Perfekte Profilabschl\u00fcsse, verdeckt liegende Scharniere und ein leises Schlie\u00dfger\u00e4usch machen unsere T\u00fcren zu einem besonders beliebten Produkt. Gutes Handling ist gerade f\u00fcr Dreht\u00fcren und Schiebet\u00fcren entscheidend.  <\/p>    <section  class=\"widget widget_call_to_action clearfix\">      <div class=\"call-to-action-content-wrapper clearfix\">        <div class=\"call-to-action-content\">          <h3>Fliegengitter<\/h3>          <p>Wir beantworten Ihnen jederzeit gerne jede Frage zu diesem Thema.<\/p>        <\/div>        <a class=\"read-more\"  href=\"\/contact\/\" title=\"Jetzt Anfrage zu Fliegengitter Kirchdorf an der Iller stellen!\">Jetzt Anfrage stellen<\/a>      <\/div>    <\/section>  <\/div>  <div class=\"tg-one-half tg-one-half-last\">     <img decoding=\"async\" class=\"img-responsive alignnone\" src=\"wp-content\/uploads\/sites\/2\/2019\/05\/schiebetuer_wintergarten.jpg\" alt=\"Fliegengitter Kirchdorf an der Iller - Insektenschutzt\u00fcren\" title=\"Fliegengitter Kirchdorf an der Iller - Insektenschutzt\u00fcren\" \/>  <\/div><\/section><section id=\"section-4\" class=\"widget widget_recent_work clearfix\">   <div class=\"tg-one-half\">     <img decoding=\"async\" class=\"img-responsive alignnone\" src=\"https:\/\/mueller-isg.de\/insektenschutz\/wp-content\/uploads\/sites\/2\/2019\/05\/drehfenster.jpg\" alt=\"Fliegengitter Kirchdorf an der Iller - Fenster\" title=\"Fliegengitter Kirchdorf an der Iller - Fenster\" \/>   <\/div>   <div class=\"tg-one-half tg-one-half-last\">     <h3 class=\"entry-title\"><strong><a title=\"Drehfenster\" href=\"\/fenster\/drehfenster\/\">Drehfenster<\/a><\/strong><\/h3>     <p class=\"teaser\"> Die praktische und solide L\u00f6sung zum \u00d6ffnen  Sch\u00f6n und gleichzeitig praktisch stellt keinen Widerspruch dar. Unsere Drehrahmen kommen bei Fenstern zum Einsatz, die eine \u00d6ffnungs- bzw. Durchreichem\u00f6glichkeit bieten sollen.<br \/>\r\n Der fast unsichtbare Schutz vor Insekten: Die schlanken Profile und unsere hochtransparenten Gewebe betten Ihr Fliegengitter harmonisch in das Gesamtbild der Fassade ein. Perfekte Profilabschl\u00fcsse, verdeckt liegende Scharniere und ein leises Schlie\u00dfger\u00e4usch machen unsere Drehrahmen zu einem besonders beliebten Produkt.<br \/>\r\nUnsere Gewebe zeichnen sich durch hohe Durchsicht bei gepr\u00fcfter Langlebigkeit aus \u2013 \u00fcberzeugen Sie sich.  <\/p>   <\/div> <\/section><section id=\"section-5\" class=\"widget widget_call_to_action clearfix\">   <div class=\"call-to-action-content-wrapper clearfix\">     <div class=\"call-to-action-content\">       <h3>Haben Sie Interesse an unseren L\u00f6sungen f\u00fcr Fenster in Kirchdorf an der Iller?<\/h3> \t<p>Nehmen Sie Kontakt mit uns auf!<\/p>     <\/div>     <a class=\"read-more\"  href=\"\/contact\/\" title=\"Informationen zu Fliegengitter Kirchdorf an der Iller erhalten!\">Jetzt informieren<\/a>   <\/div> <\/section><section id=\"section-6\" class=\"widget widget_recent_work clearfix\">   <p>Wir sind Ihr Experte f\u00fcr <strong>Fliegengitter<\/strong> auch in den folgenden St\u00e4dten und Gemeinden:<\/p>   <p><a href='https:\/\/mueller-isg.de\/fliegengitter-dettingen\/'>Dettingen an der Iller<\/a>, <a href='https:\/\/mueller-isg.de\/fliegengitter-erolzheim\/'>Erolzheim (Kreis Biberach an der Ri\u00df)<\/a>, <a href='https:\/\/mueller-isg.de\/fliegengitter-berkheim\/'>Berkheim (Kreis Biberach an der Ri\u00df)<\/a>, <a href='https:\/\/mueller-isg.de\/fliegengitter-kirchberg\/'>Kirchberg an der Iller<\/a>, <a href='https:\/\/mueller-isg.de\/fliegengitter-tannheim\/'>Tannheim (W\u00fcrttemberg)<\/a>, <a href='https:\/\/mueller-isg.de\/fliegengitter-rot\/'>Rot an der Rot<\/a><\/p> <\/section><\/p>\n","protected":false},"excerpt":{"rendered":"","protected":false},"author":3,"featured_media":0,"parent":0,"menu_order":0,"comment_status":"closed","ping_status":"closed","template":"","meta":{"footnotes":""},"class_list":["post-60","page","type-page","status-publish","hentry"],"yoast_head":"<!-- This site is optimized with the Yoast SEO plugin v24.5 - https:\/\/yoast.com\/wordpress\/plugins\/seo\/ -->\n<title>Fliegengitter Kirchdorf an der Iller - M\u00fcller Insektenschutz<\/title>\n<meta name=\"description\" content=\"Fliegengitter Kirchdorf an der Iller! Insektenschutzsysteme f\u00fcr Fenster und T\u00fcren, Lichtschachtabdeckungen - alles aus einer Hand.\" \/>\n<meta name=\"robots\" content=\"index, follow, max-snippet:-1, max-image-preview:large, max-video-preview:-1\" \/>\n<link rel=\"canonical\" href=\"https:\/\/mueller-isg.de\/fliegengitter-kirchdorf\/\" \/>\n<meta property=\"og:locale\" content=\"de_DE\" \/>\n<meta property=\"og:type\" content=\"article\" \/>\n<meta property=\"og:title\" content=\"Fliegengitter Kirchdorf an der Iller - M\u00fcller Insektenschutz\" \/>\n<meta property=\"og:description\" content=\"[meta_description]\" \/>\n<meta property=\"og:url\" content=\"https:\/\/mueller-isg.de\/fliegengitter-kirchdorf\/\" \/>\n<meta property=\"og:site_name\" content=\"Fliegengitter Kirchdorf an der Iller\" \/>\n<meta property=\"article:modified_time\" content=\"2019-05-11T14:46:51+00:00\" \/>\n<meta name=\"twitter:card\" content=\"summary_large_image\" \/>\n<!-- \/ Yoast SEO plugin. -->","yoast_head_json":{"title":"Fliegengitter Kirchdorf an der Iller - M\u00fcller Insektenschutz","description":"Fliegengitter Kirchdorf an der Iller! Insektenschutzsysteme f\u00fcr Fenster und T\u00fcren, Lichtschachtabdeckungen - alles aus einer Hand.","robots":{"index":"index","follow":"follow","max-snippet":"max-snippet:-1","max-image-preview":"max-image-preview:large","max-video-preview":"max-video-preview:-1"},"canonical":"https:\/\/mueller-isg.de\/fliegengitter-kirchdorf\/","og_locale":"de_DE","og_type":"article","og_title":"Fliegengitter Kirchdorf an der Iller - M\u00fcller Insektenschutz","og_description":"[meta_description]","og_url":"https:\/\/mueller-isg.de\/fliegengitter-kirchdorf\/","og_site_name":"Fliegengitter Kirchdorf an der Iller","article_modified_time":"2019-05-11T14:46:51+00:00","twitter_card":"summary_large_image","schema":{"@context":"https:\/\/schema.org","@graph":[{"@type":"WebPage","@id":"https:\/\/mueller-isg.de\/fliegengitter-bingen\/","url":"https:\/\/mueller-isg.de\/fliegengitter-bingen\/","name":"[keyword] [ort] - [titel]","isPartOf":{"@id":"https:\/\/mueller-isg.de\/insektenschutz-landkreis-bodenseekreis\/#website"},"datePublished":"2019-05-11T10:06:13+00:00","dateModified":"2019-05-11T14:46:51+00:00","description":"[meta_description]","breadcrumb":{"@id":"https:\/\/mueller-isg.de\/fliegengitter-bingen\/#breadcrumb"},"inLanguage":"de","potentialAction":[{"@type":"ReadAction","target":["https:\/\/mueller-isg.de\/fliegengitter-bingen\/"]}]},{"@type":"BreadcrumbList","@id":"https:\/\/mueller-isg.de\/fliegengitter-bingen\/#breadcrumb","itemListElement":[{"@type":"ListItem","position":1,"name":"Startseite","item":"https:\/\/mueller-isg.de\/fliegengitter-bingen\/"},{"@type":"ListItem","position":2,"name":"M\u00fcller Insektenschutz"}]},{"@type":"WebSite","@id":"https:\/\/mueller-isg.de\/insektenschutz-landkreis-bodenseekreis\/#website","url":"https:\/\/mueller-isg.de\/insektenschutz-landkreis-bodenseekreis\/","name":"[keyword] [ort]","description":"[untertitel]","potentialAction":[{"@type":"SearchAction","target":{"@type":"EntryPoint","urlTemplate":"https:\/\/mueller-isg.de\/insektenschutz-landkreis-bodenseekreis\/?s={search_term_string}"},"query-input":{"@type":"PropertyValueSpecification","valueRequired":true,"valueName":"search_term_string"}}],"inLanguage":"de"}]}},"_links":{"self":[{"href":"https:\/\/mueller-isg.de\/fliegengitter-kirchdorf\/wp-json\/wp\/v2\/pages\/60","targetHints":{"allow":["GET"]}}],"collection":[{"href":"https:\/\/mueller-isg.de\/fliegengitter-kirchdorf\/wp-json\/wp\/v2\/pages"}],"about":[{"href":"https:\/\/mueller-isg.de\/fliegengitter-kirchdorf\/wp-json\/wp\/v2\/types\/page"}],"author":[{"embeddable":true,"href":"https:\/\/mueller-isg.de\/fliegengitter-kirchdorf\/wp-json\/wp\/v2\/users\/3"}],"replies":[{"embeddable":true,"href":"https:\/\/mueller-isg.de\/fliegengitter-kirchdorf\/wp-json\/wp\/v2\/comments?post=60"}],"version-history":[{"count":3,"href":"https:\/\/mueller-isg.de\/fliegengitter-kirchdorf\/wp-json\/wp\/v2\/pages\/60\/revisions"}],"predecessor-version":[{"id":64,"href":"https:\/\/mueller-isg.de\/fliegengitter-kirchdorf\/wp-json\/wp\/v2\/pages\/60\/revisions\/64"}],"wp:attachment":[{"href":"https:\/\/mueller-isg.de\/fliegengitter-kirchdorf\/wp-json\/wp\/v2\/media?parent=60"}],"curies":[{"name":"wp","href":"https:\/\/api.w.org\/{rel}","templated":true}]}}